{"id":524,"date":"2024-07-19T11:05:53","date_gmt":"2024-07-19T09:05:53","guid":{"rendered":"https:\/\/www.callytech.com\/decolletage-secteur-raccord-fixation-industrielle\/"},"modified":"2025-04-28T13:41:29","modified_gmt":"2025-04-28T11:41:29","slug":"industrial-coupling-valves","status":"publish","type":"page","link":"https:\/\/www.callytech.com\/en\/industrial-coupling-valves\/","title":{"rendered":"Secteur Raccord &#038; Fixation industrielle"},"content":{"rendered":"<div class=\"wpb-content-wrapper\"><p>[vc_row full_width=&#8221;stretch_row_content_no_spaces&#8221;][vc_column width=&#8221;1\/2&#8243; css=&#8221;.vc_custom_1721400007113{padding-right: 20px !important;padding-left: 20px !important;}&#8221;][vc_column_text css=&#8221;&#8221; el_class=&#8221;h3 demi-encart demi-encart-g txt-blanc&#8221;]<\/p>\n<h2>Machined couplings, connectors and valves<\/h2>\n<p>[\/vc_column_text][vc_column_text css=&#8221;&#8221; el_class=&#8221;demi-encart demi-encart-g&#8221;]Here we can see the expertise of Cally-Tech, offering a wide range of\u00a0<strong>standard couplings<\/strong>\u00a0as well as\u00a0<strong>specialized connectors<\/strong>\u00a0for all types of hydraulic circuits \u2013 fluids, gases and air \u2013 combining performance, quality, safety, dependability and durability.<\/p>\n<p>We produce our\u00a0<strong>couplings<\/strong>\u00a0and\u00a0<strong>valves<\/strong>\u00a0on our computerized, digitally controlled, 9 to 32 axis machines with a perfect control of geometry \u2013 cylindricity, coaxiality, perpendicularity and concentricity.<\/p>\n<p>Working in\u00a0<strong>stainless steel<\/strong>,\u00a0<strong>aluminum<\/strong>\u00a0and\u00a0<strong>brass<\/strong>\u00a0we make\u00a0<strong>threaded and non-threaded couplings<\/strong>.[\/vc_column_text][\/vc_column][vc_column width=&#8221;1\/2&#8243; el_class=&#8221;img-full&#8221;][vc_single_image image=&#8221;175&#8243; img_size=&#8221;full&#8221; css=&#8221;&#8221; el_class=&#8221;filtre-bleu&#8221;][\/vc_column][\/vc_row][vc_row][vc_column][vc_empty_space][\/vc_column][\/vc_row][vc_row full_width=&#8221;stretch_row_content_no_spaces&#8221; el_class=&#8221;habillage-fond-degrade-bleu-blanc&#8221;][vc_column][vc_empty_space height=&#8221;10px&#8221;][\/vc_column][vc_column width=&#8221;1\/2&#8243; css=&#8221;.vc_custom_1721400007113{padding-right: 20px !important;padding-left: 20px !important;}&#8221;][vc_column_text css=&#8221;&#8221; el_class=&#8221;h3 demi-encart demi-encart-g txt-blanc&#8221;]Soci\u00e9t\u00e9 de d\u00e9colletage de pi\u00e8ces pour la fabrication de connecteurs industriels[\/vc_column_text][vc_column_text css=&#8221;&#8221; el_class=&#8221;demi-encart demi-encart-g&#8221;]<\/p>\n<p style=\"text-align: justify;\">Sous-traitant en\u00a0<strong class=\"d2b\">d\u00e9colletage<\/strong>\u00a0de\u00a0<strong>pi\u00e8ces acier, inox, aluminium<\/strong>\u00a0et\u00a0<strong>laiton<\/strong>, nous sommes reconnus comme un partenaire fiable pour le\u00a0<strong class=\"d2b\">d\u00e9colletage de pi\u00e8ces<\/strong>\u00a0d\u00e9collet\u00e9es destin\u00e9es \u00e0 la fabrication de\u00a0<strong>raccord industriels<\/strong>.<\/p>\n<p style=\"text-align: justify;\">Notre\u00a0<strong class=\"d2b\">soci\u00e9t\u00e9 de d\u00e9colletage<\/strong>\u00a0fabrique des\u00a0<strong>raccords sp\u00e9cifiques<\/strong>\u00a0et des\u00a0<strong>raccords standards<\/strong>\u00a0pour r\u00e9pondre aux probl\u00e9matiques de\u00a0<strong class=\"d2b\">fixation industrielle<\/strong>.<\/p>\n<p style=\"text-align: justify;\">Pour la\u00a0<strong class=\"d2b\">production industrielle<\/strong>\u00a0de vos\u00a0<strong class=\"d2b\">raccords sp\u00e9ciaux<\/strong>\u00a0ou\u00a0<strong class=\"d2b\">raccords standards<\/strong>, nous r\u00e9pondons \u00e0 l\u2019ensemble des besoins de l\u2019<strong>industrie de l\u2019\u00e9nergie<\/strong>, de l\u2019<strong>industrie a\u00e9ronautique<\/strong>,\u00a0<strong>automobile<\/strong>\u00a0ou de l\u2019<strong>industrie alimentaire<\/strong>.<\/p>\n<p>[\/vc_column_text][\/vc_column][vc_column width=&#8221;1\/2&#8243; el_class=&#8221;img-full&#8221;][vc_column_text css=&#8221;&#8221;]<\/p>\n<p style=\"text-align: center;\"><style id=\"wp_carousel_dynamic_css299\">.sp-wp-carousel-free-id-299.wpcf-fancybox-wrapper .fancybox-bg{background: #0b0b0b;opacity: 0.8;}.sp-wp-carousel-free-id-299.wpcf-fancybox-wrapper .fancybox-navigation .fancybox-button .wpcp-fancybox-nav-arrow i {color: #ccc;}.sp-wp-carousel-free-id-299.wpcf-fancybox-wrapper .fancybox-navigation .fancybox-button .wpcp-fancybox-nav-arrow i:hover {color: #fff;}.sp-wp-carousel-free-id-299.wpcf-fancybox-wrapper .fancybox-navigation .fancybox-button {background: #1e1e1e;}.sp-wp-carousel-free-id-299.wpcf-fancybox-wrapper .fancybox-navigation .fancybox-button:hover {background: #1e1e1e;}#sp-wp-carousel-free-id-299 .wpcp-swiper-dots {margin: 40px 0px 0px 0px;}.wpcp-wrapper-299 .swiper-wrapper .swiper-slide-kenburn, .wpcp-wrapper-299 .swiper-wrapper, .wpcp-wrapper-299 .wpcpro-row{align-items: center;}#sp-wp-carousel-free-id-299 .wpcp-single-item {box-shadow: 0px 0px 0px 0px #dddddd;transition: all .3s;margin: 0px;}#sp-wp-carousel-free-id-299.swiper-flip .wpcp-single-item{margin: 0!important;}#sp-wp-carousel-free-id-299 .wpcp-single-item:hover {box-shadow: 0px 0px 0px 0px #dddddd;}#sp-wp-carousel-free-id-299.sp-wpcp-299 .wpcp-single-item {border: 1px none #dddddd;}#sp-wp-carousel-free-id-299.wpcp-carousel-section.sp-wpcp-299 .swiper-button-prev,#sp-wp-carousel-free-id-299.wpcp-carousel-section.sp-wpcp-299 .swiper-button-next,#sp-wp-carousel-free-id-299.wpcp-carousel-section.sp-wpcp-299 .swiper-button-prev:hover,#sp-wp-carousel-free-id-299.wpcp-carousel-section.sp-wpcp-299 .swiper-button-next:hover {font-size: 18px ; font-weight: 400;}#sp-wp-carousel-free-id-299.sp-wpcp-299 .swiper-button-prev,#sp-wp-carousel-free-id-299.sp-wpcp-299 .swiper-button-next,#sp-wp-carousel-free-id-299.sp-wpcp-299 .swiper-button-prev:hover,#sp-wp-carousel-free-id-299.sp-wpcp-299 .swiper-button-next:hover {background: none;border: none;font-size: 30px;}#sp-wp-carousel-free-id-299.sp-wpcp-299 .swiper-button-prev i,#sp-wp-carousel-free-id-299.sp-wpcp-299 .swiper-button-next i {color: #aaa;}#sp-wp-carousel-free-id-299.sp-wpcp-299 .swiper-button-prev i:hover,#sp-wp-carousel-free-id-299.sp-wpcp-299 .swiper-button-next i:hover {color: #388cbd;} #sp-wp-carousel-free-id-299.sp-wpcp-299.wpcp-image-carousel .wpcp-single-item:hover img, #sp-wp-carousel-free-id-299.sp-wpcp-299.wpcp-post-carousel .wpcp-single-item:hover img, #sp-wp-carousel-free-id-299.sp-wpcp-299.wpcp-product-carousel .wpcp-single-item:hover img{-webkit-transform: scale(1.2);-moz-transform: scale(1.2);transform: scale(1.2);}#sp-wp-carousel-free-id-299 .wpcpro-row>[class*=\"wpcpro-col-\"] { padding: 0 10px; padding-bottom: 20px;} #sp-wp-carousel-free-id-299 .swiper-slide .single-item-fade:not(:last-child) { margin-right: 20px;}@media (min-width: 480px) { .wpcpro-row .wpcpro-col-sm-1 { flex: 0 0 100%; max-width: 100%; } .wpcpro-row .wpcpro-col-sm-2 { flex: 0 0 50%; max-width: 50%; } .wpcpro-row .wpcpro-col-sm-2-5 { flex: 0 0 75%; max-width: 75%; } .wpcpro-row .wpcpro-col-sm-3 { flex: 0 0 33.333%; max-width: 33.333%; } .wpcpro-row .wpcpro-col-sm-4 { flex: 0 0 25%; max-width: 25%; } .wpcpro-row .wpcpro-col-sm-5 { flex: 0 0 20%; max-width: 20%; } .wpcpro-row .wpcpro-col-sm-6 { flex: 0 0 16.66666666666667%; max-width: 16.66666666666667%; } .wpcpro-row .wpcpro-col-sm-7 { flex: 0 0 14.28571428%; max-width: 14.28571428%; } .wpcpro-row .wpcpro-col-sm-8 { flex: 0 0 12.5%; max-width: 12.5%; } } @media (max-width: 480px) { .wpcpro-row .wpcpro-col-xs-1 { flex: 0 0 100%; max-width: 100%; } .wpcpro-row .wpcpro-col-xs-2 { flex: 0 0 50%; max-width: 50%; } .wpcpro-row .wpcpro-col-xs-3 { flex: 0 0 33.222%; max-width: 33.222%; } .wpcpro-row .wpcpro-col-xs-4 { flex: 0 0 25%; max-width: 25%; } .wpcpro-row .wpcpro-col-xs-5 { flex: 0 0 20%; max-width: 20%; } .wpcpro-row .wpcpro-col-xs-6 { flex: 0 0 16.6667%; max-width: 16.6667%; } .wpcpro-row .wpcpro-col-xs-7 { flex: 0 0 14.28571428%; max-width: 14.28571428%; } .wpcpro-row .wpcpro-col-xs-8 { flex: 0 0 12.5%; max-width: 12.5%; } } @media (min-width: 736px) { .wpcpro-row .wpcpro-col-md-1 { flex: 0 0 100%; max-width: 100%; } .wpcpro-row .wpcpro-col-md-2 { flex: 0 0 50%; max-width: 50%; } .wpcpro-row .wpcpro-col-md-2-5 { flex: 0 0 75%; max-width: 75%; } .wpcpro-row .wpcpro-col-md-3 { flex: 0 0 33.333%; max-width: 33.333%; } .wpcpro-row .wpcpro-col-md-4 { flex: 0 0 25%; max-width: 25%; } .wpcpro-row .wpcpro-col-md-5 { flex: 0 0 20%; max-width: 20%; } .wpcpro-row .wpcpro-col-md-6 { flex: 0 0 16.66666666666667%; max-width: 16.66666666666667%; } .wpcpro-row .wpcpro-col-md-7 { flex: 0 0 14.28571428%; max-width: 14.28571428%; } .wpcpro-row .wpcpro-col-md-8 { flex: 0 0 12.5%; max-width: 12.5%; } } @media (min-width: 980px) { .wpcpro-row .wpcpro-col-lg-1 { flex: 0 0 100%; max-width: 100%; } .wpcpro-row .wpcpro-col-lg-2 { flex: 0 0 50%; max-width: 50%; } .wpcpro-row .wpcpro-col-lg-3 { flex: 0 0 33.222%; max-width: 33.222%; } .wpcpro-row .wpcpro-col-lg-4 { flex: 0 0 25%; max-width: 25%; } .wpcpro-row .wpcpro-col-lg-5 { flex: 0 0 20%; max-width: 20%; } .wpcpro-row .wpcpro-col-lg-6 { flex: 0 0 16.6667%; max-width: 16.6667%; } .wpcpro-row .wpcpro-col-lg-7 { flex: 0 0 14.28571428%; max-width: 14.28571428%; } .wpcpro-row .wpcpro-col-lg-8 { flex: 0 0 12.5%; max-width: 12.5%; } } @media (min-width: 1200px) { .wpcpro-row .wpcpro-col-xl-1 { flex: 0 0 100%; max-width: 100%; } .wpcpro-row .wpcpro-col-xl-2 { flex: 0 0 50%; max-width: 50%; } .wpcpro-row .wpcpro-col-xl-3 { flex: 0 0 33.22222222%; max-width: 33.22222222%; } .wpcpro-row .wpcpro-col-xl-4 { flex: 0 0 25%; max-width: 25%; } .wpcpro-row .wpcpro-col-xl-5 { flex: 0 0 20%; max-width: 20%; } .wpcpro-row .wpcpro-col-xl-6 { flex: 0 0 16.66667%; max-width: 16.66667%; } .wpcpro-row .wpcpro-col-xl-7 { flex: 0 0 14.28571428%; max-width: 14.28571428%; } .wpcpro-row .wpcpro-col-xl-8 { flex: 0 0 12.5%; max-width: 12.5%; } }<\/style><div class=\"wpcp-carousel-wrapper wpcp-wrapper-299\">\n\t<div id=\"wpcp-preloader-299\" class=\"wpcp-carousel-preloader\"><img decoding=\"async\" src=\"https:\/\/www.callytech.com\/wp-content\/plugins\/wp-carousel-free\/public\/css\/spinner.svg\" alt=\"Preloader Image\" \/><\/div>\t<div class=\"wpcp-carousel-content-wrapper\">\n\t<div id=\"sp-wp-carousel-free-id-299\" class=\"wpcp-carousel-section sp-wpcp-299  nav-vertical-center wpcp-image-carousel wpcp-preloader wpcp-standard\" data-swiper='{ &quot;pagination_type&quot;: &quot;dots&quot;,&quot;accessibility&quot;:true, &quot;spaceBetween&quot;:20, &quot;arrows&quot;:true, &quot;freeMode&quot;: false, &quot;autoplay&quot;:true, &quot;effect&quot;: &quot;&quot;, &quot;centerMode&quot;: false, &quot;autoplaySpeed&quot;:3000, &quot;dots&quot;:false, &quot;infinite&quot;:true, &quot;speed&quot;:600, &quot;pauseOnHover&quot;:true,\n\t\t\t&quot;slidesToShow&quot;:{&quot;lg_desktop&quot;:1, &quot;desktop&quot;: 1, &quot;laptop&quot;: 1, &quot;tablet&quot;: 1, &quot;mobile&quot;: 1}, &quot;responsive&quot;:{&quot;desktop&quot;:1200, &quot;laptop&quot;: 980, &quot;tablet&quot;: 736, &quot;mobile&quot;: 480}, &quot;rtl&quot;:false, &quot;lazyLoad&quot;: &quot;false&quot;, &quot;swipe&quot;: true, &quot;draggable&quot;: true, &quot;swipeToSlide&quot;:false }' dir=\"ltr\">\n\t\t<div class=\"swiper-wrapper\">\n\t\t<div class=\"swiper-slide\">\n\t<div class=\"wpcp-single-item\">\n\t\t\t<a class=\"wcp-light-box\" data-buttons='[\"close\"]' data-wpc_url='https:\/\/www.callytech.com\/wp-content\/uploads\/2024\/07\/decolletage-raccord-et-fixation-industrielle-300x182.webp' href=\"https:\/\/www.callytech.com\/wp-content\/uploads\/2024\/07\/decolletage-raccord-et-fixation-industrielle.webp\" data-fancybox=\"wpcp_view\">\n\t\t<figure>\n\t\t\t<img loading=\"lazy\" decoding=\"async\" class=\"skip-lazy\" src=\"https:\/\/www.callytech.com\/wp-content\/uploads\/2024\/07\/decolletage-raccord-et-fixation-industrielle-300x182.webp\" alt=\"decolletage-raccord-et-fixation-industrielle\" width=\"300\" height=\"182\">\t\t<\/figure>\n\t<\/a>\n\t\t<\/div>\n<\/div>\n\t<div class=\"swiper-slide\">\n\t<div class=\"wpcp-single-item\">\n\t\t\t<a class=\"wcp-light-box\" data-buttons='[\"close\"]' data-wpc_url='https:\/\/www.callytech.com\/wp-content\/uploads\/2024\/07\/fabrication-de-corps-alu-300x182.webp' href=\"https:\/\/www.callytech.com\/wp-content\/uploads\/2024\/07\/fabrication-de-corps-alu.webp\" data-fancybox=\"wpcp_view\">\n\t\t<figure>\n\t\t\t<img loading=\"lazy\" decoding=\"async\" class=\"skip-lazy\" src=\"https:\/\/www.callytech.com\/wp-content\/uploads\/2024\/07\/fabrication-de-corps-alu-300x182.webp\" alt=\"fabrication-de-corps-alu\" width=\"300\" height=\"182\">\t\t<\/figure>\n\t<\/a>\n\t\t<\/div>\n<\/div>\n\t<div class=\"swiper-slide\">\n\t<div class=\"wpcp-single-item\">\n\t\t\t<a class=\"wcp-light-box\" data-buttons='[\"close\"]' data-wpc_url='https:\/\/www.callytech.com\/wp-content\/uploads\/2024\/07\/decolletage-raccord-connecteur-300x182.webp' href=\"https:\/\/www.callytech.com\/wp-content\/uploads\/2024\/07\/decolletage-raccord-connecteur.webp\" data-fancybox=\"wpcp_view\">\n\t\t<figure>\n\t\t\t<img loading=\"lazy\" decoding=\"async\" class=\"skip-lazy\" src=\"https:\/\/www.callytech.com\/wp-content\/uploads\/2024\/07\/decolletage-raccord-connecteur-300x182.webp\" alt=\"decolletage-raccord-connecteur\" width=\"300\" height=\"182\">\t\t<\/figure>\n\t<\/a>\n\t\t<\/div>\n<\/div>\n\t<div class=\"swiper-slide\">\n\t<div class=\"wpcp-single-item\">\n\t\t\t<a class=\"wcp-light-box\" data-buttons='[\"close\"]' data-wpc_url='https:\/\/www.callytech.com\/wp-content\/uploads\/2024\/07\/decolletage-piece-fixation-300x182.webp' href=\"https:\/\/www.callytech.com\/wp-content\/uploads\/2024\/07\/decolletage-piece-fixation.webp\" data-fancybox=\"wpcp_view\">\n\t\t<figure>\n\t\t\t<img loading=\"lazy\" decoding=\"async\" class=\"skip-lazy\" src=\"https:\/\/www.callytech.com\/wp-content\/uploads\/2024\/07\/decolletage-piece-fixation-300x182.webp\" alt=\"decolletage-piece-fixation\" width=\"300\" height=\"182\">\t\t<\/figure>\n\t<\/a>\n\t\t<\/div>\n<\/div>\n\t<div class=\"swiper-slide\">\n\t<div class=\"wpcp-single-item\">\n\t\t\t<a class=\"wcp-light-box\" data-buttons='[\"close\"]' data-wpc_url='https:\/\/www.callytech.com\/wp-content\/uploads\/2024\/07\/usinage-de-corps-inox-300x182.webp' href=\"https:\/\/www.callytech.com\/wp-content\/uploads\/2024\/07\/usinage-de-corps-inox.webp\" data-fancybox=\"wpcp_view\">\n\t\t<figure>\n\t\t\t<img loading=\"lazy\" decoding=\"async\" class=\"skip-lazy\" src=\"https:\/\/www.callytech.com\/wp-content\/uploads\/2024\/07\/usinage-de-corps-inox-300x182.webp\" alt=\"usinage-de-corps-inox\" width=\"300\" height=\"182\">\t\t<\/figure>\n\t<\/a>\n\t\t<\/div>\n<\/div>\n\t<div class=\"swiper-slide\">\n\t<div class=\"wpcp-single-item\">\n\t\t\t<a class=\"wcp-light-box\" data-buttons='[\"close\"]' data-wpc_url='https:\/\/www.callytech.com\/wp-content\/uploads\/2024\/07\/decolletage-piece-aluminium-300x182.webp' href=\"https:\/\/www.callytech.com\/wp-content\/uploads\/2024\/07\/decolletage-piece-aluminium.webp\" data-fancybox=\"wpcp_view\">\n\t\t<figure>\n\t\t\t<img loading=\"lazy\" decoding=\"async\" class=\"skip-lazy\" src=\"https:\/\/www.callytech.com\/wp-content\/uploads\/2024\/07\/decolletage-piece-aluminium-300x182.webp\" alt=\"decolletage-piece-aluminium\" width=\"300\" height=\"182\">\t\t<\/figure>\n\t<\/a>\n\t\t<\/div>\n<\/div>\n\t<div class=\"swiper-slide\">\n\t<div class=\"wpcp-single-item\">\n\t\t\t<a class=\"wcp-light-box\" data-buttons='[\"close\"]' data-wpc_url='https:\/\/www.callytech.com\/wp-content\/uploads\/2024\/07\/decolletage-raccord-fixation-soupape-300x182.webp' href=\"https:\/\/www.callytech.com\/wp-content\/uploads\/2024\/07\/decolletage-raccord-fixation-soupape.webp\" data-fancybox=\"wpcp_view\">\n\t\t<figure>\n\t\t\t<img loading=\"lazy\" decoding=\"async\" class=\"skip-lazy\" src=\"https:\/\/www.callytech.com\/wp-content\/uploads\/2024\/07\/decolletage-raccord-fixation-soupape-300x182.webp\" alt=\"decolletage-raccord-fixation-soupape\" width=\"300\" height=\"182\">\t\t<\/figure>\n\t<\/a>\n\t\t<\/div>\n<\/div>\n\t<div class=\"swiper-slide\">\n\t<div class=\"wpcp-single-item\">\n\t\t\t<a class=\"wcp-light-box\" data-buttons='[\"close\"]' data-wpc_url='https:\/\/www.callytech.com\/wp-content\/uploads\/2024\/07\/decolletage-piece-laiton-piston-300x182.webp' href=\"https:\/\/www.callytech.com\/wp-content\/uploads\/2024\/07\/decolletage-piece-laiton-piston.webp\" data-fancybox=\"wpcp_view\">\n\t\t<figure>\n\t\t\t<img loading=\"lazy\" decoding=\"async\" class=\"skip-lazy\" src=\"https:\/\/www.callytech.com\/wp-content\/uploads\/2024\/07\/decolletage-piece-laiton-piston-300x182.webp\" alt=\"decolletage-piece-laiton-piston\" width=\"300\" height=\"182\">\t\t<\/figure>\n\t<\/a>\n\t\t<\/div>\n<\/div>\n\t<div class=\"swiper-slide\">\n\t<div class=\"wpcp-single-item\">\n\t\t\t<a class=\"wcp-light-box\" data-buttons='[\"close\"]' data-wpc_url='https:\/\/www.callytech.com\/wp-content\/uploads\/2024\/07\/decolletage-bague-alu-inox-300x182.webp' href=\"https:\/\/www.callytech.com\/wp-content\/uploads\/2024\/07\/decolletage-bague-alu-inox.webp\" data-fancybox=\"wpcp_view\">\n\t\t<figure>\n\t\t\t<img loading=\"lazy\" decoding=\"async\" class=\"skip-lazy\" src=\"https:\/\/www.callytech.com\/wp-content\/uploads\/2024\/07\/decolletage-bague-alu-inox-300x182.webp\" alt=\"decolletage-bague-alu-inox\" width=\"300\" height=\"182\">\t\t<\/figure>\n\t<\/a>\n\t\t<\/div>\n<\/div>\n\t\t\t<\/div>\n\t\t\t\t<!-- If we need navigation buttons -->\n\t\t\t\t\t<div class=\"wpcp-prev-button swiper-button-prev\"><i class=\"fa fa-angle-left\"><\/i><\/div>\n\t\t\t<div class=\"wpcp-next-button swiper-button-next\"><i class=\"fa fa-angle-right\"><\/i><\/div>\n\t\t\t<\/div>\n\t<\/div>\n<\/div>\n<p>[\/vc_column_text][\/vc_column][\/vc_row][vc_row][vc_column][vc_empty_space][\/vc_column][\/vc_row][vc_row][vc_column width=&#8221;2\/3&#8243; css=&#8221;.vc_custom_1721400007113{padding-right: 20px !important;padding-left: 20px !important;}&#8221;][vc_column_text css=&#8221;&#8221; el_class=&#8221;h3&#8243;]<\/p>\n<h2>Examples of coupling and valves manufactured by Cally Tech<\/h2>\n<p>[\/vc_column_text][vc_column_text css=&#8221;&#8221;]<\/p>\n<ul>\n<li>Angular drilling and surface treatment in brass and aluminum<\/li>\n<li>Drilling, profile bore bearing + blending radius, surface treatment and heat treatment in stainless steel<\/li>\n<li>Drilling, countersinking and seating (valve seat inserts) to a thickness 20 hundredths, plus surface treatment, in aluminum and stainless steel<\/li>\n<\/ul>\n<p>[\/vc_column_text][\/vc_column][\/vc_row][vc_row][vc_column][vc_empty_space][\/vc_column][\/vc_row][vc_row][vc_column][vc_column_text css=&#8221;&#8221; el_class=&#8221;h3&#8243;]<\/p>\n<p style=\"text-align: center;\">For all questions and quotation requests<\/p>\n<p>[\/vc_column_text][vc_btn title=&#8221;Contact us&#8221; style=&#8221;custom&#8221; custom_background=&#8221;#e89b26&#8243; custom_text=&#8221;#000000&#8243; shape=&#8221;square&#8221; align=&#8221;center&#8221; css=&#8221;&#8221; link=&#8221;url:%2Fen%2Fcontact|title:Contact&#8221; el_class=&#8221;btn-plus btn-plus-hover-bleu&#8221;][\/vc_column][\/vc_row]<\/p>\n<\/div>","protected":false},"excerpt":{"rendered":"<p>[vc_row full_width=&#8221;stretch_row_content_no_spaces&#8221;][vc_column width=&#8221;1\/2&#8243; css=&#8221;.vc_custom_1721400007113{padding-right: 20px !important;padding-left: 20px !important;}&#8221;][vc_column_text css=&#8221;&#8221; el_class=&#8221;h3 demi-encart demi-encart-g txt-blanc&#8221;] Machined couplings, connectors and valves [\/vc_column_text][vc_column_text css=&#8221;&#8221; el_class=&#8221;demi-encart demi-encart-g&#8221;]Here we can see the<span class=\"excerpt-hellip\"> [\u2026]<\/span><\/p>\n","protected":false},"author":1,"featured_media":0,"parent":0,"menu_order":0,"comment_status":"closed","ping_status":"closed","template":"","meta":{"footnotes":""},"class_list":["post-524","page","type-page","status-publish","hentry"],"yoast_head":"<!-- This site is optimized with the Yoast SEO plugin v27.5 - https:\/\/yoast.com\/product\/yoast-seo-wordpress\/ -->\n<title>CALLYTECH<\/title>\n<meta name=\"description\" content=\"CALLYTECH\" \/>\n<meta name=\"robots\" content=\"index, follow, max-snippet:-1, max-image-preview:large, max-video-preview:-1\" \/>\n<link rel=\"canonical\" href=\"https:\/\/www.callytech.com\/decolletage-secteur-raccord-fixation-industrielle\/\" \/>\n<meta property=\"og:locale\" content=\"en_GB\" \/>\n<meta property=\"og:type\" content=\"article\" \/>\n<meta property=\"og:title\" content=\"CALLYTECH\" \/>\n<meta property=\"og:description\" content=\"CALLYTECH\" \/>\n<meta property=\"og:url\" content=\"https:\/\/www.callytech.com\/decolletage-secteur-raccord-fixation-industrielle\/\" \/>\n<meta property=\"og:site_name\" content=\"Cally Tech\" \/>\n<meta property=\"article:modified_time\" content=\"2025-04-28T11:41:29+00:00\" \/>\n<meta name=\"twitter:card\" content=\"summary_large_image\" \/>\n<meta name=\"twitter:label1\" content=\"Estimated reading time\" \/>\n\t<meta name=\"twitter:data1\" content=\"2 minutes\" \/>\n<script type=\"application\/ld+json\" class=\"yoast-schema-graph\">{\"@context\":\"https:\\\/\\\/schema.org\",\"@graph\":[{\"@type\":\"WebPage\",\"@id\":\"https:\\\/\\\/www.callytech.com\\\/decolletage-secteur-raccord-fixation-industrielle\\\/\",\"url\":\"https:\\\/\\\/www.callytech.com\\\/decolletage-secteur-raccord-fixation-industrielle\\\/\",\"name\":\"CALLYTECH\",\"isPartOf\":{\"@id\":\"https:\\\/\\\/www.callytech.com\\\/#website\"},\"datePublished\":\"2024-07-19T09:05:53+00:00\",\"dateModified\":\"2025-04-28T11:41:29+00:00\",\"description\":\"CALLYTECH\",\"breadcrumb\":{\"@id\":\"https:\\\/\\\/www.callytech.com\\\/decolletage-secteur-raccord-fixation-industrielle\\\/#breadcrumb\"},\"inLanguage\":\"en-GB\",\"potentialAction\":[{\"@type\":\"ReadAction\",\"target\":[\"https:\\\/\\\/www.callytech.com\\\/decolletage-secteur-raccord-fixation-industrielle\\\/\"]}]},{\"@type\":\"BreadcrumbList\",\"@id\":\"https:\\\/\\\/www.callytech.com\\\/decolletage-secteur-raccord-fixation-industrielle\\\/#breadcrumb\",\"itemListElement\":[{\"@type\":\"ListItem\",\"position\":1,\"name\":\"Accueil\",\"item\":\"https:\\\/\\\/www.callytech.com\\\/\"},{\"@type\":\"ListItem\",\"position\":2,\"name\":\"Secteur Raccord &#038; Fixation industrielle\"}]},{\"@type\":\"WebSite\",\"@id\":\"https:\\\/\\\/www.callytech.com\\\/#website\",\"url\":\"https:\\\/\\\/www.callytech.com\\\/\",\"name\":\"Cally Tech\",\"description\":\"\",\"potentialAction\":[{\"@type\":\"SearchAction\",\"target\":{\"@type\":\"EntryPoint\",\"urlTemplate\":\"https:\\\/\\\/www.callytech.com\\\/?s={search_term_string}\"},\"query-input\":{\"@type\":\"PropertyValueSpecification\",\"valueRequired\":true,\"valueName\":\"search_term_string\"}}],\"inLanguage\":\"en-GB\"}]}<\/script>\n<!-- \/ Yoast SEO plugin. -->","yoast_head_json":{"title":"CALLYTECH","description":"CALLYTECH","robots":{"index":"index","follow":"follow","max-snippet":"max-snippet:-1","max-image-preview":"max-image-preview:large","max-video-preview":"max-video-preview:-1"},"canonical":"https:\/\/www.callytech.com\/decolletage-secteur-raccord-fixation-industrielle\/","og_locale":"en_GB","og_type":"article","og_title":"CALLYTECH","og_description":"CALLYTECH","og_url":"https:\/\/www.callytech.com\/decolletage-secteur-raccord-fixation-industrielle\/","og_site_name":"Cally Tech","article_modified_time":"2025-04-28T11:41:29+00:00","twitter_card":"summary_large_image","twitter_misc":{"Estimated reading time":"2 minutes"},"schema":{"@context":"https:\/\/schema.org","@graph":[{"@type":"WebPage","@id":"https:\/\/www.callytech.com\/decolletage-secteur-raccord-fixation-industrielle\/","url":"https:\/\/www.callytech.com\/decolletage-secteur-raccord-fixation-industrielle\/","name":"CALLYTECH","isPartOf":{"@id":"https:\/\/www.callytech.com\/#website"},"datePublished":"2024-07-19T09:05:53+00:00","dateModified":"2025-04-28T11:41:29+00:00","description":"CALLYTECH","breadcrumb":{"@id":"https:\/\/www.callytech.com\/decolletage-secteur-raccord-fixation-industrielle\/#breadcrumb"},"inLanguage":"en-GB","potentialAction":[{"@type":"ReadAction","target":["https:\/\/www.callytech.com\/decolletage-secteur-raccord-fixation-industrielle\/"]}]},{"@type":"BreadcrumbList","@id":"https:\/\/www.callytech.com\/decolletage-secteur-raccord-fixation-industrielle\/#breadcrumb","itemListElement":[{"@type":"ListItem","position":1,"name":"Accueil","item":"https:\/\/www.callytech.com\/"},{"@type":"ListItem","position":2,"name":"Secteur Raccord &#038; Fixation industrielle"}]},{"@type":"WebSite","@id":"https:\/\/www.callytech.com\/#website","url":"https:\/\/www.callytech.com\/","name":"Cally Tech","description":"","potentialAction":[{"@type":"SearchAction","target":{"@type":"EntryPoint","urlTemplate":"https:\/\/www.callytech.com\/?s={search_term_string}"},"query-input":{"@type":"PropertyValueSpecification","valueRequired":true,"valueName":"search_term_string"}}],"inLanguage":"en-GB"}]}},"jetpack_sharing_enabled":true,"_links":{"self":[{"href":"https:\/\/www.callytech.com\/en\/wp-json\/wp\/v2\/pages\/524","targetHints":{"allow":["GET"]}}],"collection":[{"href":"https:\/\/www.callytech.com\/en\/wp-json\/wp\/v2\/pages"}],"about":[{"href":"https:\/\/www.callytech.com\/en\/wp-json\/wp\/v2\/types\/page"}],"author":[{"embeddable":true,"href":"https:\/\/www.callytech.com\/en\/wp-json\/wp\/v2\/users\/1"}],"replies":[{"embeddable":true,"href":"https:\/\/www.callytech.com\/en\/wp-json\/wp\/v2\/comments?post=524"}],"version-history":[{"count":0,"href":"https:\/\/www.callytech.com\/en\/wp-json\/wp\/v2\/pages\/524\/revisions"}],"wp:attachment":[{"href":"https:\/\/www.callytech.com\/en\/wp-json\/wp\/v2\/media?parent=524"}],"curies":[{"name":"wp","href":"https:\/\/api.w.org\/{rel}","templated":true}]}}